{"id":322,"date":"2014-06-05T11:44:50","date_gmt":"2014-06-05T09:44:50","guid":{"rendered":"http:\/\/www.cybis.se\/dendro\/?page_id=322"},"modified":"2014-06-05T11:44:50","modified_gmt":"2014-06-05T09:44:50","slug":"farmbuildingsovikswedish","status":"publish","type":"page","link":"https:\/\/cdendro.se\/dendro\/farmbuildingsovikswedish\/","title":{"rendered":"Ekonomibyggnader, Gamla \u00d6stanvik"},"content":{"rendered":"<figure style=\"width: 700px\" class=\"wp-caption alignleft\"><img loading=\"lazy\" decoding=\"async\" src=\"..\/ake\/houses\/farmbuildingsovik\/LL07A552X.jpg\" alt=\"\" width=\"700\" height=\"348\" \/><figcaption class=\"wp-caption-text\">Vy \u00f6ver Gamla \u00d6stanvik p\u00e5 N\u00e4md\u00f6. Detta \u00e4r viken innanf\u00f6r Kalkbergets brygga.<\/figcaption><\/figure>\n<p><img loading=\"lazy\" decoding=\"async\" class=\"alignright\" src=\"..\/ake\/houses\/farmbuildingsovik\/TRL008X.jpg\" alt=\"\" width=\"700\" height=\"222\" \/><br \/>\n<br clear=\"left\" \/><br \/>\nDen h\u00e4r bilden tog Tore Regnell omkring 1938. Samma sj\u00f6bod som idag, men bakom sj\u00f6boden skymtar taket p\u00e5 en stor lag\u00e5rdsbyggnad.<\/p>\n<p>&nbsp;<\/p>\n<h2 style=\"text-align: left;\"><strong>Ladug\u00e5rdsruinen - Troligen byggd 1863\/64.<\/strong><\/h2>\n<p><img loading=\"lazy\" decoding=\"async\" class=\"alignright\" src=\"..\/ake\/houses\/farmbuildingsovik\/LL07A544.jpg\" alt=\"\" width=\"700\" height=\"317\" \/><\/p>\n<p>S\u00e5 h\u00e4r har byggnaden sett ut s\u00e5 l\u00e4nge jag kan minnas... Timringen best\u00e5r av 10 varv och \u00e4r 235 cm h\u00f6g - f\u00f6rmodligen har den med tid och r\u00f6ta sjunkit ihop n\u00e5got. - H\u00f6jden under takbj\u00e4lkarna har varit ungef\u00e4r 190 cm.<\/p>\n<p>Jag har h\u00f6rt att n\u00e5gon g\u00e5ng kring 1950 s\u00e5 bl\u00e5ste taket s\u00f6nder och lag\u00e5rden revs delvis och \u00f6vergavs. Knut Sandstr\u00f6m som d\u00e5 drev handelstr\u00e4dg\u00e5rd p\u00e5 Gamla \u00d6stanvik beh\u00f6vde inte en s\u00e5 stor lag\u00e5rd f\u00f6r de kor och den h\u00e4st han hade.<\/p>\n<p><img loading=\"lazy\" decoding=\"async\" class=\"alignleft\" src=\"..\/ake\/houses\/farmbuildingsovik\/LL07B573.jpg\" alt=\"\" width=\"400\" height=\"314\" \/><img loading=\"lazy\" decoding=\"async\" class=\"alignright\" src=\"..\/ake\/houses\/farmbuildingsovik\/LL07B571.jpg\" alt=\"\" width=\"400\" height=\"367\" \/><\/p>\n<p>&nbsp;<\/p>\n<p>&nbsp;<\/p>\n<figure style=\"width: 940px\" class=\"wp-caption aligncenter\"><img loading=\"lazy\" decoding=\"async\" src=\"..\/ake\/houses\/farmbuildingsovik\/LL07A547wide.jpg\" alt=\"\" width=\"940\" height=\"523\" \/><figcaption class=\"wp-caption-text\">Figur 6. Till h\u00f6ger: Den syd\u00f6stra sidan av byggnaden.<\/figcaption><\/figure>\n<figure style=\"width: 400px\" class=\"wp-caption alignleft\"><img loading=\"lazy\" decoding=\"async\" src=\"..\/ake\/houses\/farmbuildingsovik\/LL07B570.jpg\" alt=\"\" width=\"400\" height=\"271\" \/><figcaption class=\"wp-caption-text\">Figur 7. D\u00f6rrh\u00e5let mot sydv\u00e4st, v\u00e4stra sidan n\u00e4r man tittar in i byggnaden.<\/figcaption><\/figure>\n<figure style=\"width: 337px\" class=\"wp-caption alignright\"><img loading=\"lazy\" decoding=\"async\" src=\"..\/ake\/houses\/farmbuildingsovik\/LL07B564.jpg\" alt=\"\" width=\"337\" height=\"253\" \/><figcaption class=\"wp-caption-text\">Figur 8. G\u00e5tsp\u00e5r i d\u00f6rrh\u00e5let mot sydv\u00e4st, s\u00f6dra sidan. H\u00e4r har g\u00e5ten (en br\u00e4da) fallit ur s\u00e5 att man kan se in i sp\u00e5ret.<\/figcaption><\/figure>\n<p><br clear=\"all\" \/>Stockar som slutar vid en d\u00f6rr eller vid ett f\u00f6nster m\u00e5ste bindas samman f\u00f6r att h\u00e5llas p\u00e5 plats. Sedan man skurit ut ett brett sp\u00e5r i \u00e4ndan av varje stock, kan man skjuta in en regel i sp\u00e5ret s\u00e5 att stockarna h\u00e5lls i l\u00e4ge. Sp\u00e5ret kallas f\u00f6r \"g\u00e5tsp\u00e5r\" och regeln som skjuts in i sp\u00e5ret kallas f\u00f6r \"g\u00e5ten\". I det h\u00e4r fallet (se figur 8) har g\u00e5tsp\u00e5ret formats genom att man borrat ett h\u00e5l med en navare (grovt borr) en bit in i stockarna och sedan huggit ut sp\u00e5ret.<\/p>\n<figure style=\"width: 412px\" class=\"wp-caption alignleft\"><img loading=\"lazy\" decoding=\"async\" src=\"..\/ake\/houses\/farmbuildingsovik\/LL07B568.jpg\" alt=\"\" width=\"412\" height=\"340\" \/><figcaption class=\"wp-caption-text\">Figur 9. Del av den urfallna \"d\u00f6rrkarmen\" med g\u00e5ten i mitten. G\u00e5ten har suttit inpassad i g\u00e5tsp\u00e5ret i d\u00f6rrh\u00e5let och h\u00e5llit stockarna p\u00e5 plats.<\/figcaption><\/figure>\n<figure style=\"width: 481px\" class=\"wp-caption alignright\"><img loading=\"lazy\" decoding=\"async\" src=\"..\/ake\/houses\/farmbuildingsovik\/TRL003.jpg\" alt=\"\" width=\"481\" height=\"327\" \/><figcaption class=\"wp-caption-text\">Figur 10. Av en bild fr\u00e5n tiden kring 1950 f\u00e5r man intryck av att v\u00e4stra ladan p\u00e5 lag\u00e5rden har rivits och att resten \u00e4r t\u00e4ckt av vass.<\/figcaption><\/figure>\n<figure style=\"width: 600px\" class=\"wp-caption alignright\"><img loading=\"lazy\" decoding=\"async\" src=\"..\/ake\/houses\/farmbuildingsovik\/drawlagtransNSEW.gif\" alt=\"\" width=\"600\" height=\"257\" \/><figcaption class=\"wp-caption-text\">Figur 11.<\/figcaption><\/figure>\n<p><br clear=\"all\" \/><br \/>\nSj\u00e4lva den timrade lag\u00e5rdsbyggnaden var 10 meter l\u00e5ng och knappt 8 meter bred. Grundl\u00e4ggning p\u00e5 vardera sidan av den timrade byggnaden visar att det fanns lador (eller f\u00f6rr\u00e5d) p\u00e5 vardera sidan som var 5 respektive 6 meter l\u00e5nga. F\u00f6nstergluggarna \u00e4r en meter breda och f\u00f6nsterb\u00e5garna har troligen varit 80*60 centimeter. D\u00f6rrh\u00e5let p\u00e5 framsidan \u00e4r 150 cm brett och 175 cm h\u00f6gt. Samtliga v\u00e4ggar har en d\u00f6rr mitt p\u00e5. D\u00f6rrh\u00e5let mot sj\u00f6n (\u00f6verst i bilden) \u00e4r bara 85 cm brett. L\u00e4ngst till v\u00e4nster i den v\u00e4ggen finns ocks\u00e5 ett h\u00e5l strax \u00f6ver golvh\u00f6jd som \u00e4r 31 cm brett och 35 cm h\u00f6gt, se figur 6. Kanske har det anv\u00e4nts som ing\u00e5ng f\u00f6r h\u00f6nsen.<\/p>\n<figure style=\"width: 356px\" class=\"wp-caption alignright\"><img loading=\"lazy\" decoding=\"async\" src=\"..\/ake\/houses\/farmbuildingsovik\/NMKSLG.gif\" alt=\"\" width=\"356\" height=\"220\" \/><figcaption class=\"wp-caption-text\">Figur 12. Provet SVIN1 avser svinstian som beskrivs l\u00e4ngre fram i texten.<\/figcaption><\/figure>\n<p><strong>N\u00e4r byggdes lag\u00e5rden? Dendrokronologisk datering.<\/strong><\/p>\n<ul>\n<li>Alla stockar i byggnaden \u00e4r mer eller mindre f\u00f6rst\u00f6rda av husbock och annan tr\u00e4mask och av r\u00f6ta. 12 borrprover har tagits ur totalt 9 stockar i de norra och \u00f6stra v\u00e4ggarna. Den norra v\u00e4ggen inneh\u00e5ller n\u00e5gra stockar av senvuxet virke. Ur dessa har jag lyckats ta ut n\u00e5gra borrk\u00e4rnor som har g\u00e5tt att datera.<\/li>\n<li>Tre stockar i den norra v\u00e4ggen kan dateras till 1862 och en fj\u00e4rde stock till 1863.<\/li>\n<li>En stock kan dateras till 1773 (korr=0.67, TTest=5.3) men provet best\u00e5r bara av 37 \u00e5rsringar, vilket g\u00f6r dateringen litet os\u00e4ker. Stocken dateras b\u00e4ttre mot en tillg\u00e4nglig kurva fr\u00e5n Tyres\u00f6 (Sisshammar) (korr=0.73, TTest=6.3) \u00e4n mot N\u00e4md\u00f6. Kanske har man k\u00f6pt upp gammalt virke utifr\u00e5n till bygget. (Alternativt har stocken importerats till N\u00e4md\u00f6 redan p\u00e5 1770-talet och sedan \u00e5teranv\u00e4nts vid lag\u00e5rdsbygget p\u00e5 1860-talet.)<\/li>\n<li>\u00d6vriga prov har fallit s\u00f6nder i ytterdelen pga r\u00f6ta och maskangrepp och har d\u00e4rf\u00f6r inte kunnat dateras.<\/li>\n<\/ul>\n<p>&nbsp;<\/p>\n<p><strong>Bakgrund och slutsatser<\/strong><\/p>\n<p>P\u00e5 1860-talet skiftades herrg\u00e5rden p\u00e5 N\u00e4md\u00f6 till fyra g\u00e5rdar. Den j\u00e4ttestora lag\u00e5rden av tegel p\u00e5 \u00d6stanvik monterades ner och materialet skiftades ut. G\u00e5rdarna V\u00e4stanvik, V\u00e4ster\u00e4ngen och V\u00e4sterby anlades - dvs allting byggdes nytt eller gamla hus flyttades dit. \u00d6n fick ocks\u00e5 en ny kyrka 1876.<\/p>\n<p>Dateringen av lag\u00e5rdsruinen p\u00e5 \u00d6stanvik visar att man \u00e4ven h\u00e4r byggde en helt ny lag\u00e5rd - den yngsta stock jag hittat i byggnaden \u00e4r avverkad h\u00f6sten 1863. Efterfr\u00e5gan p\u00e5 virke p\u00e5 \u00f6n m\u00e5ste ha varit stor pga all byggverksamhet. Detta kan f\u00f6rklara stocken fr\u00e5n 1773 som troligen kommer fr\u00e5n annat h\u00e5ll \u00e4n fr\u00e5n N\u00e4md\u00f6.<\/p>\n<p>Ringbreddsdata finns tillg\u00e4ngliga som <a href=\"..\/ake\/houses\/farmbuildingsovik\/NMKSLG.rwl\" target=\"_new\" rel=\"noopener noreferrer\">NMKSLG.rwl<\/a> med kommentarer som \u00e4r l\u00e4sbara med CDendro.<\/p>\n<hr \/>\n<h2><strong>Svinstian p\u00e5 Gamla \u00d6stanvik - Troligen byggd 1874.<\/strong><\/h2>\n<figure style=\"width: 700px\" class=\"wp-caption alignright\"><img loading=\"lazy\" decoding=\"async\" src=\"..\/ake\/houses\/farmbuildingsovik\/LL995319.jpg\" alt=\"\" width=\"700\" height=\"460\" \/><figcaption class=\"wp-caption-text\">Svinstian p\u00e5 Gamla \u00d6stanvik, maj 1999.<\/figcaption><\/figure>\n<p>&nbsp;<\/p>\n<p>Det h\u00e4r \u00e4r svinstian p\u00e5 Gamla \u00d6stanvik. Bilden \u00e4r tagen 1999. Liknande svinhus fanns \u00f6verallt p\u00e5 g\u00e5rdarna och torpen.<\/p>\n<figure style=\"width: 587px\" class=\"wp-caption alignleft\"><img loading=\"lazy\" decoding=\"async\" src=\"..\/ake\/houses\/farmbuildingsovik\/LL07A551.jpg\" alt=\"\" width=\"587\" height=\"273\" \/><figcaption class=\"wp-caption-text\">Svinstian p\u00e5 Gamla \u00d6stanvik, oktober 2007.<\/figcaption><\/figure>\n<p>M\u00e5tt p\u00e5 huset: 390 cm p\u00e5 framsidan, 320 cm l\u00e4ngs h\u00f6gra gaveln. H\u00f6jd i framkant 200 cm, i bakkant 100 cm. D\u00f6rrh\u00e5l: 67 cm brett, 127 cm h\u00f6gt. \"F\u00f6nster\" ovanf\u00f6r d\u00f6rrarna: 50 * 26 cm.<br clear=\"right\" \/><br \/>\n\u00c5tta \u00e5r senare: Svinstian har \u00e5ldrats! Takpannor har bl\u00e5st av och r\u00f6ta och husbock har gjort sitt... Det mesta \u00e4r idag s\u00e5 ruttet att det inte g\u00e5r att ta borrprover. Men det gick att ta prov ur den allra \u00f6versta stocken under takpannorna.<\/p>\n<p><img loading=\"lazy\" decoding=\"async\" class=\"alignright\" src=\"..\/ake\/houses\/farmbuildingsovik\/svincurve.jpg\" alt=\"\" width=\"700\" height=\"142\" \/><br clear=\"left\" \/><br \/>\nKurvan visar den goda passningen mot referens- kurvan f\u00f6r N\u00e4md\u00f6. Med endast 49 \u00e5rsringar kan dateringen synas os\u00e4ker, men den pekar \u00e4nd\u00e5 tydigt p\u00e5 \u00e5rtalet 1874 b\u00e5de mot N\u00e4md\u00f6- och Tyres\u00f6-referenserna, dvs ITRDB:swed302 (N\u00e4md\u00f6) samt ITRDB:swed304 (torpet Sisshammar p\u00e5 Tyres\u00f6).<\/p>\n<hr \/>\n<p>&nbsp;<\/p>\n<h2><strong>Sj\u00f6boden<\/strong><\/h2>\n<p><img loading=\"lazy\" decoding=\"async\" class=\"alignleft\" src=\"..\/ake\/houses\/farmbuildingsovik\/LL079386C.jpg\" alt=\"\" width=\"434\" height=\"326\" \/><br \/>\nP\u00e5 den h\u00e4r bilden fr\u00e5n 2007 ser vi sj\u00f6boden l\u00e4ngst in i viken vid Gamla \u00d6stanvik. Boden syns ocks\u00e5 p\u00e5 de tv\u00e5 allra f\u00f6rsta bilderna i den h\u00e4r ber\u00e4ttelsen. Boden \u00e4r idag t\u00e4ckt med pl\u00e5t. P\u00e5 1950-talet var taket t\u00e4ckt med tegel.<\/p>\n<figure style=\"width: 800px\" class=\"wp-caption alignright\"><img loading=\"lazy\" decoding=\"async\" src=\"..\/ake\/houses\/farmbuildingsovik\/TRL034C.jpg\" alt=\"\" width=\"800\" height=\"522\" \/><figcaption class=\"wp-caption-text\">Semesterbild fr\u00e5n 1938 med Britt och Kerstin Regnell, en oxe fr\u00e5n V\u00e4stanvik och sj\u00f6boden till v\u00e4nster!<\/figcaption><\/figure>\n<figure style=\"width: 443px\" class=\"wp-caption alignright\"><img loading=\"lazy\" decoding=\"async\" src=\"..\/ake\/houses\/farmbuildingsovik\/LL079388C.jpg\" alt=\"\" width=\"443\" height=\"333\" \/><figcaption class=\"wp-caption-text\">V\u00e4ggen mot sydv\u00e4st<\/figcaption><\/figure>\n<figure style=\"width: 440px\" class=\"wp-caption alignleft\"><img loading=\"lazy\" decoding=\"async\" src=\"..\/ake\/houses\/farmbuildingsovik\/LL079387C.jpg\" alt=\"\" width=\"440\" height=\"330\" \/><figcaption class=\"wp-caption-text\">\u00c4ven p\u00e5 bodens norra sida har husbocken h\u00e4rjat!<\/figcaption><\/figure>\n<figure style=\"width: 800px\" class=\"wp-caption alignnone\"><img loading=\"lazy\" decoding=\"async\" src=\"..\/ake\/houses\/farmbuildingsovik\/LL079395C.jpg\" alt=\"\" width=\"800\" height=\"486\" \/><figcaption class=\"wp-caption-text\">Inne i boden syns f\u00f6ga av husbockens h\u00e4rjningar! De bilade v\u00e4ggarna ger en mycket \u00e5lderdomlig k\u00e4nsla.<\/figcaption><\/figure>\n<figure style=\"width: 800px\" class=\"wp-caption alignright\"><img loading=\"lazy\" decoding=\"async\" src=\"..\/ake\/houses\/farmbuildingsovik\/LL079396C.jpg\" alt=\"\" width=\"800\" height=\"388\" \/><figcaption class=\"wp-caption-text\">Under boden har n\u00e5gra stockar f\u00f6rskjutits och fallit ner i vattnet. S\u00e4kert orsakat av vinterisen. Stockarna \u00e4r t\u00e4ckta av ett vitt ludd, liksom bomull. Kanske har luddet samband med salthantering (saltstr\u00f6mming) och sj\u00f6vatten. H\u00e4r syns inga skador av insekter. Ganska obetydliga skador av r\u00f6ta.<\/figcaption><\/figure>\n<p><br clear=\"all\" \/><strong>Dendrokronologisk datering<\/strong><\/p>\n<p><img loading=\"lazy\" decoding=\"async\" class=\"alignright\" src=\"..\/ake\/houses\/farmbuildingsovik\/NMKSSB.gif\" alt=\"\" width=\"410\" height=\"233\" \/>Boden \u00e4r sannolikt byggd under eller efter vintern 1820\/21. 1873\/74 har man lagt p\u00e5 ett extra varv stockar eller bytt det \u00f6versta varvet, kanske i samband med renovering av ett br\u00e4dtak. Vill man veta detta s\u00e4krare s\u00e5 b\u00f6r prov tas \u00e4ven i motsvarande \u00f6versta stock i l\u00e5ngsidan mot sj\u00f6n. Dateringen i sin helhet skulle k\u00e4nnas n\u00e5got s\u00e4krare om man kunde ta och sedan datera ytterligare 2-3 prover ur v\u00e4ggarna.<br \/>\nBoden borde ocks\u00e5 m\u00e4tas upp!<br \/>\nRingbreddsdata finns tillg\u00e4ngliga som <a href=\"..\/ake\/houses\/farmbuildingsovik\/NMKSSB.rwl\" target=\"_new\" rel=\"noopener noreferrer\">NMKSSB.rwl<\/a> med kommentarer som \u00e4r l\u00e4sbara med CDendro.<\/p>\n<p>&nbsp;<\/p>\n<p>&nbsp;<\/p>\n","protected":false},"excerpt":{"rendered":"<p>Den h\u00e4r bilden tog Tore Regnell omkring 1938. Samma sj\u00f6bod som idag, men bakom sj\u00f6boden skymtar taket p\u00e5 en stor lag\u00e5rdsbyggnad. &nbsp; Ladug\u00e5rdsruinen - Troligen byggd 1863\/64. S\u00e5 h\u00e4r har byggnaden sett ut s\u00e5 l\u00e4nge jag kan minnas... Timringen best\u00e5r av 10 varv och \u00e4r 235 cm h\u00f6g - f\u00f6rmodligen har den med tid och <a class=\"read-more\" href=\"https:\/\/cdendro.se\/dendro\/farmbuildingsovikswedish\/\">...continue reading <span class=\"meta-nav\">&rarr;<\/span><\/a><\/p>\n","protected":false},"author":1,"featured_media":0,"parent":0,"menu_order":0,"comment_status":"closed","ping_status":"closed","template":"page-templates\/full-width.php","meta":{"footnotes":""},"class_list":["post-322","page","type-page","status-publish","hentry"],"_links":{"self":[{"href":"https:\/\/cdendro.se\/dendro\/wp-json\/wp\/v2\/pages\/322","targetHints":{"allow":["GET"]}}],"collection":[{"href":"https:\/\/cdendro.se\/dendro\/wp-json\/wp\/v2\/pages"}],"about":[{"href":"https:\/\/cdendro.se\/dendro\/wp-json\/wp\/v2\/types\/page"}],"author":[{"embeddable":true,"href":"https:\/\/cdendro.se\/dendro\/wp-json\/wp\/v2\/users\/1"}],"replies":[{"embeddable":true,"href":"https:\/\/cdendro.se\/dendro\/wp-json\/wp\/v2\/comments?post=322"}],"version-history":[{"count":0,"href":"https:\/\/cdendro.se\/dendro\/wp-json\/wp\/v2\/pages\/322\/revisions"}],"wp:attachment":[{"href":"https:\/\/cdendro.se\/dendro\/wp-json\/wp\/v2\/media?parent=322"}],"curies":[{"name":"wp","href":"https:\/\/api.w.org\/{rel}","templated":true}]}}